{"id":550,"date":"2024-09-02T19:09:46","date_gmt":"2024-09-02T19:09:46","guid":{"rendered":"https:\/\/vactropicales.com\/?page_id=550"},"modified":"2024-09-06T20:51:20","modified_gmt":"2024-09-06T20:51:20","slug":"caribe","status":"publish","type":"page","link":"https:\/\/vacacionestropicales.com\/tb\/caribe\/","title":{"rendered":"Caribe"},"content":{"rendered":"<h1>CARIBE<\/h1>\n<div>Destino perfecto para una escapada tropical inolvidable<\/div>\n<h2>Bienvenidos al Caribe<\/h2>\n<blockquote>\n\n    Gracias a Vacaciones Tropicales por brindarnos una experiencia inolvidable en el Caribe. Cada momento fue m\u00e1gico, desde las playas paradis\u00edacas hasta el excelente servicio. \u00a1Esperamos volver pronto!\n        <footer>\n\n        33, Virginia, USA\n                <cite>Alejandro Rivera<\/cite>\n        \n    <\/footer>\n    \n<\/blockquote>\n<ul>\n        <li>\n\n        <p>24.7736546,-78.0000547<\/p>\n\n<img decoding=\"async\" src=\"\/vt\/wp-content\/uploads\/14733.jpg\" alt=\"\">\n\n<h3>BAHAMAS<\/h3>\n\n\n\n<p><a href=\"#BAHAMAS\"><\/a><\/p>\n\n    <\/li>\n        <li>\n\n        <p>18.2247706,-66.4858295<\/p>\n\n<img decoding=\"async\" src=\"\/vt\/wp-content\/uploads\/2372.jpg\" alt=\"\">\n\n<h3>PUERTO RICO<\/h3>\n\n\n\n<p><a href=\"#PUERTO\"><\/a><\/p>\n\n    <\/li>\n        <li>\n\n        <p>19.0974031,-70.3028026<\/p>\n\n<img decoding=\"async\" src=\"\/vt\/wp-content\/uploads\/189600.jpg\" alt=\"\">\n\n<h3>REPUBLICA DOMINICANA<\/h3>\n\n\n\n<p><a href=\"#REPUBLICA\"><\/a><\/p>\n\n    <\/li>\n    <\/ul>\n<h2>Vive la Magia del Caribe con Nosotros<\/h2>\n\n<div>\n\n        <img decoding=\"async\" src=\"\/vt\/wp-content\/uploads\/4902-1.jpg\" alt=\"\">\n    \n    \n    \n    \n        <h3>BAHAMAS<\/h3>\n    \n        <p>Adventura<\/p>\n    \n        <div>Disfruta de unas vacaciones inolvidables en las Bahamas, un para\u00edso de aguas cristalinas y playas de arena blanca. Rel\u00e1jate bajo el sol, explora islas ex\u00f3ticas y disfruta de aventuras acu\u00e1ticas en un destino tropical ideal para desconectarte.<\/div>\n    \n        <p><a href=\"#MAP3\">CONOCE OTRO DESTINO<\/a><\/p>\n    \n<\/div>\n\n<div>\n\n        <img decoding=\"async\" src=\"\/vt\/wp-content\/uploads\/puertorico-1.jpg\" alt=\"\">\n    \n    \n    \n    \n        <h3>PUERTO RICO<\/h3>\n    \n        <p>Turismo y experiencias<\/p>\n    \n        <div>Explora la vibrante belleza de Puerto Rico, donde playas paradis\u00edacas, rica cultura y emocionantes aventuras te esperan. Disfruta del sol en playas doradas, saborea deliciosa gastronom\u00eda local y descubre la historia \u00fanica de esta encantadora isla.<\/div>\n    \n        <p><a href=\"#MAP3\">CONOCE OTRO DESTINO<\/a><\/p>\n    \n<\/div>\n\n<div>\n\n        <img decoding=\"async\" src=\"\/vt\/wp-content\/uploads\/republica.jpg\" alt=\"\">\n    \n    \n    \n    \n        <h3>REPUBLICA DOMINICANA<\/h3>\n    \n        <p>Disfruta Sol y Mar<\/p>\n    \n        <div>\u00a1Descubre el para\u00edso en Rep\u00fablica Dominicana! Rel\u00e1jate en playas de arena blanca, explora exuberantes selvas y disfruta de la vibrante cultura local. Desde la emocionante vida nocturna en Santo Domingo hasta las tranquilas playas de Punta Cana, \u00a1tu escapada perfecta te espera!<\/div>\n    \n        <p><a href=\"#MAP3\">CONOCE OTRO DESTINO<\/a><\/p>\n    \n<\/div>\n\n<div>\n\n        <img decoding=\"async\" src=\"\/vt\/wp-content\/uploads\/view-palm-tree-species-with-green-foliage-1-scaled.jpg\" alt=\"\">\n    \n    \n    \n    \n        <h3>RESERVA TUS VACACIONES TROPICALES<\/h3>\n    \n        <p>Experiencias \u00danicas<\/p>\n    \n    \n        <p><a href=\"\/vt\/index.php?page_id=512%2F#contacto\">LLAMANOS AHORA<\/a><\/p>\n    \n<\/div>\n\n<!--more-->\n<!-- {\"type\":\"layout\",\"children\":[{\"name\":\"Hero\",\"type\":\"section\",\"props\":{\"animation\":\"fade\",\"header_overlay\":\"light\",\"header_transparent\":true,\"header_transparent_text_color\":\"light\",\"height_viewport\":true,\"image\":\"wp-content\\\/uploads\\\/caribe.jpg\",\"image_effect\":\"fixed\",\"image_fixed\":false,\"image_position\":\"top-center\",\"image_size\":\"cover\",\"image_width\":\"1920\",\"media\":\"images\\\/home-header.jpg\",\"media_advanced\":true,\"media_overlay\":\"rgba(0, 0, 0, 0.19)\",\"overlap\":true,\"padding\":\"xlarge\",\"style\":\"secondary\",\"title_breakpoint\":\"xl\",\"title_position\":\"top-left\",\"title_rotation\":\"left\",\"vertical_align\":\"\",\"width\":\"large\"},\"children\":[{\"type\":\"row\",\"children\":[{\"type\":\"column\",\"props\":{\"image_position\":\"center-center\",\"position_sticky_breakpoint\":\"m\",\"width_medium\":\"1-1\"},\"children\":[{\"type\":\"headline\",\"props\":{\"content\":\"CARIBE\",\"text_align\":\"center\",\"title_element\":\"h1\",\"title_style\":\"heading-large\"}},{\"type\":\"text\",\"props\":{\"column_breakpoint\":\"m\",\"content\":\"Destino perfecto para una escapada tropical inolvidable\",\"margin\":\"default\",\"text_align\":\"center\",\"text_style\":\"lead\"}}]}]}]},{\"name\":\"Intro\",\"type\":\"section\",\"props\":{\"animation\":\"fade\",\"image_fixed\":false,\"image_position\":\"center-center\",\"image_size\":\"cover\",\"overlap\":true,\"padding\":\"large\",\"padding_remove_bottom\":false,\"style\":\"default\",\"title_breakpoint\":\"xl\",\"title_position\":\"top-left\",\"title_rotation\":\"left\",\"vertical_align\":\"\",\"width\":\"large\"},\"children\":[{\"type\":\"row\",\"props\":{\"column_gap\":\"large\",\"layout\":\"1-3,2-3\",\"margin\":\"xlarge\",\"row_gap\":\"large\",\"vertical_align\":true},\"children\":[{\"type\":\"column\",\"props\":{\"image_position\":\"center-center\",\"position_sticky_breakpoint\":\"m\",\"vertical_align\":\"middle\",\"width_medium\":\"1-3\"},\"children\":[{\"type\":\"headline\",\"props\":{\"block_align\":\"center\",\"content\":\"Bienvenidos al Caribe\",\"text_align\":\"left\",\"text_align_breakpoint\":\"m\",\"text_align_fallback\":\"center\",\"title_element\":\"h2\",\"title_style\":\"h1\"}},{\"type\":\"divider\",\"props\":{\"divider_align\":\"left\",\"divider_align_breakpoint\":\"m\",\"divider_align_fallback\":\"center\",\"divider_element\":\"div\",\"divider_style\":\"small\"}}]},{\"type\":\"column\",\"props\":{\"image_position\":\"center-center\",\"position_sticky_breakpoint\":\"m\",\"vertical_align\":\"middle\",\"width_medium\":\"2-3\"},\"children\":[{\"type\":\"quotation\",\"props\":{\"author\":\"Alejandro Rivera\",\"block_align\":\"center\",\"content\":\"Gracias a Vacaciones Tropicales por brindarnos una experiencia inolvidable en el Caribe. Cada momento fue m\\u00e1gico, desde las playas paradis\\u00edacas hasta el excelente servicio. \\u00a1Esperamos volver pronto!\",\"footer\":\"33, Virginia, USA\",\"margin\":\"medium\",\"text_align\":\"left\",\"text_align_breakpoint\":\"m\",\"text_align_fallback\":\"center\"}}]}]}]},{\"name\":\"Map\",\"type\":\"section\",\"props\":{\"animation\":\"fade\",\"image_position\":\"center-center\",\"image_size\":\"cover\",\"overlap\":true,\"padding\":\"none\",\"style\":\"primary\",\"title_breakpoint\":\"xl\",\"title_position\":\"top-left\",\"title_rotation\":\"left\",\"vertical_align\":\"\",\"width\":\"\"},\"children\":[{\"type\":\"row\",\"children\":[{\"type\":\"column\",\"props\":{\"image_position\":\"center-center\",\"position_sticky_breakpoint\":\"m\",\"width_medium\":\"1-1\"},\"children\":[{\"type\":\"map\",\"props\":{\"animation\":\"fade\",\"controls\":false,\"dragging\":false,\"height\":\"600\",\"id\":\"MAP3\",\"image_border\":\"rounded\",\"image_link\":true,\"image_svg_color\":\"emphasis\",\"image_svg_inline\":false,\"item_text_align\":\"center\",\"link_style\":\"default\",\"link_text\":\"\",\"margin\":\"default\",\"max_zoom\":18,\"meta_align\":\"below-title\",\"meta_element\":\"div\",\"meta_style\":\"text-meta\",\"min_zoom\":0,\"poi\":false,\"popup_max_width\":220,\"show_content\":true,\"show_image\":true,\"show_link\":true,\"show_meta\":false,\"show_title\":true,\"text_color\":\"dark\",\"title_color\":\"danger\",\"title_element\":\"h3\",\"title_hover_style\":\"reset\",\"title_link\":true,\"title_style\":\"h3\",\"type\":\"satellite\",\"zoom\":\"5\",\"zooming\":false},\"children\":[{\"type\":\"map_item\",\"props\":{\"image\":\"wp-content\\\/uploads\\\/14733.jpg\",\"link\":\"#BAHAMAS\",\"location\":\"24.7736546,-78.0000547\",\"show_popup\":false,\"title\":\"BAHAMAS\"}},{\"type\":\"map_item\",\"props\":{\"image\":\"wp-content\\\/uploads\\\/2372.jpg\",\"link\":\"#PUERTO\",\"location\":\"18.2247706,-66.4858295\",\"show_popup\":false,\"title\":\"PUERTO RICO\"}},{\"type\":\"map_item\",\"props\":{\"image\":\"wp-content\\\/uploads\\\/189600.jpg\",\"link\":\"#REPUBLICA\",\"location\":\"19.0974031,-70.3028026\",\"show_popup\":false,\"title\":\"REPUBLICA DOMINICANA\"}}]}]}]}]},{\"name\":\"More trips\",\"type\":\"section\",\"props\":{\"animation\":\"slide-left-small\",\"animation_delay\":\"200\",\"image_position\":\"center-center\",\"image_size\":\"cover\",\"overlap\":true,\"padding\":\"large\",\"style\":\"muted\",\"title_breakpoint\":\"xl\",\"title_position\":\"top-left\",\"title_rotation\":\"left\",\"vertical_align\":\"\",\"width\":\"xlarge\"},\"children\":[{\"type\":\"row\",\"props\":{\"margin\":\"large\"},\"children\":[{\"type\":\"column\",\"props\":{\"image_position\":\"center-center\",\"position_sticky_breakpoint\":\"m\",\"width_medium\":\"1-1\"},\"children\":[{\"type\":\"headline\",\"props\":{\"animation\":\"slide-top-small\",\"block_align\":\"center\",\"content\":\"Vive la Magia del Caribe con Nosotros\",\"text_align\":\"center\",\"text_align_fallback\":\"center\",\"title_decoration\":\"bullet\",\"title_element\":\"h2\",\"title_style\":\"h3\"}}]}]},{\"type\":\"row\",\"props\":{\"divider\":true,\"match\":false,\"padding_remove_horizontal\":false,\"width\":\"large\"},\"children\":[{\"type\":\"column\",\"props\":{\"image_position\":\"center-center\",\"position_sticky_breakpoint\":\"m\",\"width_medium\":\"1-1\"},\"children\":[{\"type\":\"panel\",\"props\":{\"content\":\"Disfruta de unas vacaciones inolvidables en las Bahamas, un para\\u00edso de aguas cristalinas y playas de arena blanca. Rel\\u00e1jate bajo el sol, explora islas ex\\u00f3ticas y disfruta de aventuras acu\\u00e1ticas en un destino tropical ideal para desconectarte.\",\"content_column_breakpoint\":\"m\",\"icon_width\":80,\"id\":\"BAHAMAS\",\"image\":\"wp-content\\\/uploads\\\/4902-1.jpg\",\"image_align\":\"left\",\"image_grid_breakpoint\":\"m\",\"image_grid_column_gap\":\"large\",\"image_grid_row_gap\":\"large\",\"image_grid_width\":\"1-2\",\"image_svg_color\":\"emphasis\",\"image_vertical_align\":true,\"image_width\":\"920\",\"link\":\"#MAP3\",\"link_size\":\"small\",\"link_style\":\"text\",\"link_text\":\"CONOCE OTRO DESTINO\",\"margin\":\"medium\",\"meta\":\"Adventura\",\"meta_align\":\"above-title\",\"meta_element\":\"div\",\"meta_style\":\"text-meta\",\"panel_expand\":\"image\",\"panel_image_no_padding\":true,\"panel_padding\":\"large\",\"panel_style\":\"card-default\",\"text_align\":\"left\",\"text_align_breakpoint\":\"m\",\"text_align_fallback\":\"justify\",\"title\":\"BAHAMAS\",\"title_align\":\"top\",\"title_element\":\"h3\",\"title_grid_breakpoint\":\"m\",\"title_grid_width\":\"1-2\",\"title_hover_style\":\"reset\",\"title_margin\":\"small\"}},{\"type\":\"panel\",\"props\":{\"content\":\"Explora la vibrante belleza de Puerto Rico, donde playas paradis\\u00edacas, rica cultura y emocionantes aventuras te esperan. Disfruta del sol en playas doradas, saborea deliciosa gastronom\\u00eda local y descubre la historia \\u00fanica de esta encantadora isla.\",\"content_column_breakpoint\":\"m\",\"icon_width\":80,\"id\":\"PUERTO\",\"image\":\"wp-content\\\/uploads\\\/puertorico-1.jpg\",\"image_align\":\"right\",\"image_grid_breakpoint\":\"m\",\"image_grid_width\":\"1-2\",\"image_svg_color\":\"emphasis\",\"image_vertical_align\":true,\"image_width\":\"920\",\"link\":\"#MAP3\",\"link_size\":\"small\",\"link_style\":\"text\",\"link_text\":\"CONOCE OTRO DESTINO\",\"margin\":\"medium\",\"meta\":\"Turismo y experiencias\",\"meta_align\":\"above-title\",\"meta_element\":\"div\",\"meta_style\":\"text-meta\",\"panel_expand\":\"image\",\"panel_image_no_padding\":true,\"panel_padding\":\"large\",\"panel_style\":\"card-default\",\"text_align\":\"justify\",\"text_align_breakpoint\":\"m\",\"text_align_fallback\":\"center\",\"title\":\"PUERTO RICO\",\"title_align\":\"top\",\"title_element\":\"h3\",\"title_grid_breakpoint\":\"m\",\"title_grid_width\":\"1-2\",\"title_hover_style\":\"reset\",\"title_margin\":\"small\"}},{\"type\":\"panel\",\"props\":{\"animation\":\"slide-right-small\",\"content\":\"\\u00a1Descubre el para\\u00edso en Rep\\u00fablica Dominicana! Rel\\u00e1jate en playas de arena blanca, explora exuberantes selvas y disfruta de la vibrante cultura local. Desde la emocionante vida nocturna en Santo Domingo hasta las tranquilas playas de Punta Cana, \\u00a1tu escapada perfecta te espera!\",\"content_column_breakpoint\":\"m\",\"icon_width\":80,\"id\":\"REPUBLICA\",\"image\":\"wp-content\\\/uploads\\\/republica.jpg\",\"image_align\":\"left\",\"image_grid_breakpoint\":\"m\",\"image_grid_width\":\"1-2\",\"image_svg_color\":\"emphasis\",\"image_vertical_align\":true,\"image_width\":\"920\",\"link\":\"#MAP3\",\"link_size\":\"small\",\"link_style\":\"text\",\"link_text\":\"CONOCE OTRO DESTINO\",\"margin\":\"medium\",\"meta\":\"Disfruta Sol y Mar\",\"meta_align\":\"above-title\",\"meta_element\":\"div\",\"meta_style\":\"text-meta\",\"panel_expand\":\"image\",\"panel_image_no_padding\":true,\"panel_padding\":\"large\",\"panel_style\":\"card-default\",\"text_align\":\"justify\",\"text_align_breakpoint\":\"m\",\"text_align_fallback\":\"center\",\"title\":\"REPUBLICA DOMINICANA\",\"title_align\":\"top\",\"title_element\":\"h3\",\"title_grid_breakpoint\":\"m\",\"title_grid_width\":\"1-2\",\"title_hover_style\":\"reset\",\"title_margin\":\"small\"}},{\"type\":\"panel\",\"props\":{\"content\":\"\",\"content_column_breakpoint\":\"m\",\"icon_width\":80,\"image\":\"wp-content\\\/uploads\\\/view-palm-tree-species-with-green-foliage-1-scaled.jpg\",\"image_align\":\"right\",\"image_grid_breakpoint\":\"m\",\"image_grid_width\":\"1-2\",\"image_svg_color\":\"emphasis\",\"image_vertical_align\":true,\"image_width\":\"920\",\"link\":\"index.php?page_id=512\\\/#contacto\",\"link_size\":\"small\",\"link_style\":\"secondary\",\"link_text\":\"LLAMANOS AHORA\",\"margin\":\"medium\",\"meta\":\"Experiencias \\u00danicas\",\"meta_align\":\"above-title\",\"meta_element\":\"div\",\"meta_style\":\"text-meta\",\"panel_expand\":\"image\",\"panel_image_no_padding\":true,\"panel_padding\":\"large\",\"panel_style\":\"card-primary\",\"text_align\":\"left\",\"text_align_breakpoint\":\"m\",\"text_align_fallback\":\"center\",\"title\":\"RESERVA TUS VACACIONES TROPICALES\",\"title_align\":\"top\",\"title_element\":\"h3\",\"title_grid_breakpoint\":\"m\",\"title_grid_width\":\"1-2\",\"title_hover_style\":\"reset\",\"title_margin\":\"small\"}}]}]}]}],\"version\":\"4.4.1\"} -->","protected":false},"excerpt":{"rendered":"<p>CARIBE Destino perfecto para una escapada tropical inolvidable Bienvenidos al Caribe Gracias a Vacaciones Tropicales por brindarnos una experiencia inolvidable en el Caribe. Cada momento fue m\u00e1gico, desde las playas paradis\u00edacas hasta el excelente servicio. \u00a1Esperamos volver pronto! 33, Virginia, USA Alejandro Rivera 24.7736546,-78.0000547 BAHAMAS 18.2247706,-66.4858295 PUERTO RICO 19.0974031,-70.3028026 REPUBLICA DOMINICANA Vive la Magia del [&hellip;]<\/p>\n","protected":false},"author":1,"featured_media":0,"parent":0,"menu_order":2,"comment_status":"closed","ping_status":"closed","template":"","meta":{"iawp_total_views":0,"footnotes":""},"class_list":["post-550","page","type-page","status-publish","hentry"],"_links":{"self":[{"href":"https:\/\/vacacionestropicales.com\/tb\/wp-json\/wp\/v2\/pages\/550"}],"collection":[{"href":"https:\/\/vacacionestropicales.com\/tb\/wp-json\/wp\/v2\/pages"}],"about":[{"href":"https:\/\/vacacionestropicales.com\/tb\/wp-json\/wp\/v2\/types\/page"}],"author":[{"embeddable":true,"href":"https:\/\/vacacionestropicales.com\/tb\/wp-json\/wp\/v2\/users\/1"}],"replies":[{"embeddable":true,"href":"https:\/\/vacacionestropicales.com\/tb\/wp-json\/wp\/v2\/comments?post=550"}],"version-history":[{"count":41,"href":"https:\/\/vacacionestropicales.com\/tb\/wp-json\/wp\/v2\/pages\/550\/revisions"}],"predecessor-version":[{"id":1318,"href":"https:\/\/vacacionestropicales.com\/tb\/wp-json\/wp\/v2\/pages\/550\/revisions\/1318"}],"wp:attachment":[{"href":"https:\/\/vacacionestropicales.com\/tb\/wp-json\/wp\/v2\/media?parent=550"}],"curies":[{"name":"wp","href":"https:\/\/api.w.org\/{rel}","templated":true}]}}